{"id":3250,"date":"2022-01-26T10:59:59","date_gmt":"2022-01-26T09:59:59","guid":{"rendered":"http:\/\/stanislasberton.com\/?page_id=3250"},"modified":"2026-01-26T10:31:06","modified_gmt":"2026-01-26T09:31:06","slug":"conferences","status":"publish","type":"page","link":"https:\/\/stanislasberton.com\/index.php\/conferences\/","title":{"rendered":"Conf\u00e9rences"},"content":{"rendered":"\n<p>Si vous souhaitez organiser une conf\u00e9rence suivie d&#8217;une d\u00e9dicace de mes livres, veuillez utiliser <a href=\"http:\/\/stanislasberton.com\/index.php\/contact\/\">le formulaire de contact.<\/a><\/p>\n\n\n\n<p>Ma zone d&#8217;intervention couvre principalement la France m\u00e9tropolitaine mais des d\u00e9placements dans les territoires d&#8217;outre-mer ou \u00e0 l&#8217;\u00e9tranger peuvent \u00eatre envisag\u00e9s sur demande et au cas par cas.<\/p>\n\n\n\n<p>Si vous \u00eates un collectif, une association ou un particulier et que vous souhaitez organiser une conf\u00e9rence dans votre ville ou r\u00e9gion, n&#8217;h\u00e9sitez pas \u00e0 me contacter. <\/p>\n\n\n\n<p>Tous les th\u00e8mes abord\u00e9s dans mes livres peuvent faire l&#8217;objet d&#8217;une intervention mais mes sujets de pr\u00e9dilection sont les suivants :<\/p>\n\n\n\n<p><a href=\"http:\/\/stanislasberton.com\/index.php\/2021\/02\/05\/la-france-retrouvee\/\">-Retrouver la France <\/a><\/p>\n\n\n\n<p>&#8211;<a href=\"http:\/\/stanislasberton.com\/index.php\/2019\/11\/16\/des-mondialistes\/\">Le mondialisme <\/a>dans toutes ses dimensions (\u00e9conomiques, politiques et <a href=\"http:\/\/stanislasberton.com\/index.php\/2019\/10\/30\/de-la-religion-de-lhomme\/\">spirituelles<\/a>) <\/p>\n\n\n\n<p>&#8211;<a href=\"http:\/\/stanislasberton.com\/index.php\/2019\/11\/07\/de-la-guerre-hors-limite\/\">La guerre hors limites<\/a> et de <a href=\"http:\/\/stanislasberton.com\/index.php\/2019\/10\/07\/de-la-guerre-de-linformation\/\">l&#8217;information<\/a><\/p>\n\n\n\n<p><\/p>\n\n\n\n<p>Conf\u00e9rence Rennes &#8211; Avril 2024<\/p>\n\n\n\n<figure class=\"wp-block-embed is-type-video is-provider-youtube wp-block-embed-youtube wp-embed-aspect-16-9 wp-has-aspect-ratio\"><div class=\"wp-block-embed__wrapper\">\n<iframe loading=\"lazy\" title=\"STANISLAS BERTON : Que faire face au mondialisme ?\" width=\"620\" height=\"349\" src=\"https:\/\/www.youtube.com\/embed\/aPZN1C10_iU?start=707&#038;feature=oembed\" frameborder=\"0\" allow=\"accelerometer; autoplay; clipboard-write; encrypted-media; gyroscope; picture-in-picture; web-share\" referrerpolicy=\"strict-origin-when-cross-origin\" allowfullscreen><\/iframe>\n<\/div><\/figure>\n\n\n\n<p>Conf\u00e9rence Paris -12 juin 2025<\/p>\n\n\n\n<figure class=\"wp-block-embed is-type-video is-provider-youtube wp-block-embed-youtube wp-embed-aspect-16-9 wp-has-aspect-ratio\"><div class=\"wp-block-embed__wrapper\">\n<iframe loading=\"lazy\" title=\"Conf\u00e9rence \u00ab Apr\u00e8s le mondialisme, que faire ? \u00bb par Stanislas Berton - Cercle Romulus &amp; R\u00e9mus\" width=\"620\" height=\"349\" src=\"https:\/\/www.youtube.com\/embed\/L-JngZd7Oic?feature=oembed\" frameborder=\"0\" allow=\"accelerometer; autoplay; clipboard-write; encrypted-media; gyroscope; picture-in-picture; web-share\" referrerpolicy=\"strict-origin-when-cross-origin\" allowfullscreen><\/iframe>\n<\/div><\/figure>\n\n\n\n<p>Conf\u00e9rence Catholiques de France &#8211; juin 2025<\/p>\n\n\n\n<figure class=\"wp-block-embed is-type-video is-provider-youtube wp-block-embed-youtube wp-embed-aspect-16-9 wp-has-aspect-ratio\"><div class=\"wp-block-embed__wrapper\">\n<iframe loading=\"lazy\" title=\"Stanislas Berton - Pourquoi la France doit-elle \u00eatre catholique ?\" width=\"620\" height=\"349\" src=\"https:\/\/www.youtube.com\/embed\/Rc0iYVnLgdg?feature=oembed\" frameborder=\"0\" allow=\"accelerometer; autoplay; clipboard-write; encrypted-media; gyroscope; picture-in-picture; web-share\" referrerpolicy=\"strict-origin-when-cross-origin\" allowfullscreen><\/iframe>\n<\/div><\/figure>\n\n\n\n<p>L&#8217;op\u00e9ration Q et la guerre de l&#8217;ombre contre le mondialisme &#8211; Aubonne (Suisse) -12 janvier 2026<\/p>\n\n\n\n<figure class=\"wp-block-embed is-type-video is-provider-youtube wp-block-embed-youtube wp-embed-aspect-16-9 wp-has-aspect-ratio\"><div class=\"wp-block-embed__wrapper\">\n<iframe loading=\"lazy\" title=\"Op\u00e9ration Q, une guerre de l&#039;ombre contre le mondialisme? Stanislas Berton\" width=\"620\" height=\"349\" src=\"https:\/\/www.youtube.com\/embed\/iv3CVbAxecs?feature=oembed\" frameborder=\"0\" allow=\"accelerometer; autoplay; clipboard-write; encrypted-media; gyroscope; picture-in-picture; web-share\" referrerpolicy=\"strict-origin-when-cross-origin\" allowfullscreen><\/iframe>\n<\/div><\/figure>\n\n\n\n<p>Conf\u00e9rence Japon (Tokyo) &#8211; 17 juillet 2023<\/p>\n\n\n\n<figure class=\"wp-block-embed is-type-video is-provider-youtube wp-block-embed-youtube wp-embed-aspect-16-9 wp-has-aspect-ratio\"><div class=\"wp-block-embed__wrapper\">\n<iframe loading=\"lazy\" title=\"Comment combattre la r\u00e9volution mondialiste aujourd\u2019hui ? \u30b0\u30ed\u30fc\u30d0\u30ea\u30ba\u30e0\u9769\u547d\u306b\u5bfe\u3057\u3066\u5177\u4f53\u7684\u306b\u3069\u3046\u6226\u3046\u3079\u304d\u306a\u306e\u304b\" width=\"620\" height=\"349\" src=\"https:\/\/www.youtube.com\/embed\/HrNEjWFU4oE?feature=oembed\" frameborder=\"0\" allow=\"accelerometer; autoplay; clipboard-write; encrypted-media; gyroscope; picture-in-picture; web-share\" referrerpolicy=\"strict-origin-when-cross-origin\" allowfullscreen><\/iframe>\n<\/div><\/figure>\n\n\n\n<p>Conf\u00e9rence Gen\u00e8ve &#8211;  20 septembre 2023<\/p>\n\n\n\n<figure class=\"wp-block-embed is-type-video is-provider-youtube wp-block-embed-youtube wp-embed-aspect-16-9 wp-has-aspect-ratio\"><div class=\"wp-block-embed__wrapper\">\n<iframe loading=\"lazy\" title=\"GEOPOLITIQUE BRUTALE : STANISLAS BERTON D\u00c9MASQUE LE POUVOIR !\" width=\"620\" height=\"349\" src=\"https:\/\/www.youtube.com\/embed\/zT5fE-0a-PU?feature=oembed\" frameborder=\"0\" allow=\"accelerometer; autoplay; clipboard-write; encrypted-media; gyroscope; picture-in-picture; web-share\" referrerpolicy=\"strict-origin-when-cross-origin\" allowfullscreen><\/iframe>\n<\/div><\/figure>\n\n\n\n<p>Conf\u00e9rence Cercle Bayard &#8211; Grenoble (2023)<\/p>\n\n\n\n<figure class=\"wp-block-embed is-type-video is-provider-youtube wp-block-embed-youtube wp-embed-aspect-16-9 wp-has-aspect-ratio\"><div class=\"wp-block-embed__wrapper\">\n<iframe loading=\"lazy\" title=\"Le Syst\u00e8me Parall\u00e8le  -  Stanislas Berton\" width=\"620\" height=\"349\" src=\"https:\/\/www.youtube.com\/embed\/B5lo3OnmWPk?feature=oembed\" frameborder=\"0\" allow=\"accelerometer; autoplay; clipboard-write; encrypted-media; gyroscope; picture-in-picture; web-share\" referrerpolicy=\"strict-origin-when-cross-origin\" allowfullscreen><\/iframe>\n<\/div><\/figure>\n\n\n\n<p>Conf\u00e9rence Librairie Les 2 Cit\u00e9s &#8211; Octobre 2020<\/p>\n\n\n\n<figure class=\"wp-block-embed is-type-video is-provider-youtube wp-block-embed-youtube wp-embed-aspect-16-9 wp-has-aspect-ratio\"><div class=\"wp-block-embed__wrapper\">\n<iframe loading=\"lazy\" title=\"[CONF\u00c9RENCE] \u00ab Sauver la France \u00bb, par Stanislas Berton\" width=\"620\" height=\"349\" src=\"https:\/\/www.youtube.com\/embed\/MqEemHwY6Sc?feature=oembed\" frameborder=\"0\" allow=\"accelerometer; autoplay; clipboard-write; encrypted-media; gyroscope; picture-in-picture; web-share\" referrerpolicy=\"strict-origin-when-cross-origin\" allowfullscreen><\/iframe>\n<\/div><\/figure>\n\n\n\n<p><a href=\"https:\/\/depeches-citoyennes.fr\/2022\/05\/stanislas-berton-conference-du-14-mai-2022.html\">Compte-rendu de la conf\u00e9rence R\u00e9info Covid du 14\/05\/2022 <\/a><\/p>\n\n\n\n<p><\/p>\n","protected":false},"excerpt":{"rendered":"<p>Si vous souhaitez organiser une conf\u00e9rence suivie d&#8217;une d\u00e9dicace de mes livres, veuillez utiliser le formulaire de contact. Ma zone d&#8217;intervention couvre principalement la France m\u00e9tropolitaine mais des d\u00e9placements dans les territoires d&#8217;outre-mer ou \u00e0 l&#8217;\u00e9tranger peuvent \u00eatre envisag\u00e9s sur demande et au cas par cas. Si vous \u00eates un collectif, une association ou un [&hellip;]<\/p>\n","protected":false},"author":1,"featured_media":0,"parent":0,"menu_order":0,"comment_status":"closed","ping_status":"closed","template":"","meta":{"footnotes":""},"class_list":["post-3250","page","type-page","status-publish","hentry"],"yoast_head":"<!-- This site is optimized with the Yoast SEO plugin v27.3 - https:\/\/yoast.com\/product\/yoast-seo-wordpress\/ -->\n<title>Conf\u00e9rences - Stanislas BERTON<\/title>\n<meta name=\"robots\" content=\"index, follow, max-snippet:-1, max-image-preview:large, max-video-preview:-1\" \/>\n<link rel=\"canonical\" href=\"http:\/\/stanislasberton.com\/index.php\/conferences\/\" \/>\n<meta property=\"og:locale\" content=\"en_US\" \/>\n<meta property=\"og:type\" content=\"article\" \/>\n<meta property=\"og:title\" content=\"Conf\u00e9rences - Stanislas BERTON\" \/>\n<meta property=\"og:description\" content=\"Si vous souhaitez organiser une conf\u00e9rence suivie d&#8217;une d\u00e9dicace de mes livres, veuillez utiliser le formulaire de contact. Ma zone d&#8217;intervention couvre principalement la France m\u00e9tropolitaine mais des d\u00e9placements dans les territoires d&#8217;outre-mer ou \u00e0 l&#8217;\u00e9tranger peuvent \u00eatre envisag\u00e9s sur demande et au cas par cas. Si vous \u00eates un collectif, une association ou un [&hellip;]\" \/>\n<meta property=\"og:url\" content=\"http:\/\/stanislasberton.com\/index.php\/conferences\/\" \/>\n<meta property=\"og:site_name\" content=\"Stanislas BERTON\" \/>\n<meta property=\"article:modified_time\" content=\"2026-01-26T09:31:06+00:00\" \/>\n<meta name=\"twitter:card\" content=\"summary_large_image\" \/>\n<meta name=\"twitter:label1\" content=\"Est. reading time\" \/>\n\t<meta name=\"twitter:data1\" content=\"1 minute\" \/>\n<script type=\"application\/ld+json\" class=\"yoast-schema-graph\">{\"@context\":\"https:\\\/\\\/schema.org\",\"@graph\":[{\"@type\":\"WebPage\",\"@id\":\"http:\\\/\\\/stanislasberton.com\\\/index.php\\\/conferences\\\/\",\"url\":\"http:\\\/\\\/stanislasberton.com\\\/index.php\\\/conferences\\\/\",\"name\":\"Conf\u00e9rences - Stanislas BERTON\",\"isPartOf\":{\"@id\":\"https:\\\/\\\/stanislasberton.com\\\/#website\"},\"datePublished\":\"2022-01-26T09:59:59+00:00\",\"dateModified\":\"2026-01-26T09:31:06+00:00\",\"breadcrumb\":{\"@id\":\"http:\\\/\\\/stanislasberton.com\\\/index.php\\\/conferences\\\/#breadcrumb\"},\"inLanguage\":\"en-US\",\"potentialAction\":[{\"@type\":\"ReadAction\",\"target\":[\"http:\\\/\\\/stanislasberton.com\\\/index.php\\\/conferences\\\/\"]}]},{\"@type\":\"BreadcrumbList\",\"@id\":\"http:\\\/\\\/stanislasberton.com\\\/index.php\\\/conferences\\\/#breadcrumb\",\"itemListElement\":[{\"@type\":\"ListItem\",\"position\":1,\"name\":\"Home\",\"item\":\"https:\\\/\\\/stanislasberton.com\\\/\"},{\"@type\":\"ListItem\",\"position\":2,\"name\":\"Conf\u00e9rences\"}]},{\"@type\":\"WebSite\",\"@id\":\"https:\\\/\\\/stanislasberton.com\\\/#website\",\"url\":\"https:\\\/\\\/stanislasberton.com\\\/\",\"name\":\"Stanislas BERTON\",\"description\":\"Quantum potes, tantum aude\",\"publisher\":{\"@id\":\"https:\\\/\\\/stanislasberton.com\\\/#\\\/schema\\\/person\\\/35b8ff927e855a1e6c5cc1921d61e08c\"},\"potentialAction\":[{\"@type\":\"SearchAction\",\"target\":{\"@type\":\"EntryPoint\",\"urlTemplate\":\"https:\\\/\\\/stanislasberton.com\\\/?s={search_term_string}\"},\"query-input\":{\"@type\":\"PropertyValueSpecification\",\"valueRequired\":true,\"valueName\":\"search_term_string\"}}],\"inLanguage\":\"en-US\"},{\"@type\":[\"Person\",\"Organization\"],\"@id\":\"https:\\\/\\\/stanislasberton.com\\\/#\\\/schema\\\/person\\\/35b8ff927e855a1e6c5cc1921d61e08c\",\"name\":\"sberton\",\"image\":{\"@type\":\"ImageObject\",\"inLanguage\":\"en-US\",\"@id\":\"https:\\\/\\\/secure.gravatar.com\\\/avatar\\\/fb8e1e50c000ff4ca889d1d62ef01059d7ab27264b271cefe3e51ae17f8f69af?s=96&r=g\",\"url\":\"https:\\\/\\\/secure.gravatar.com\\\/avatar\\\/fb8e1e50c000ff4ca889d1d62ef01059d7ab27264b271cefe3e51ae17f8f69af?s=96&r=g\",\"contentUrl\":\"https:\\\/\\\/secure.gravatar.com\\\/avatar\\\/fb8e1e50c000ff4ca889d1d62ef01059d7ab27264b271cefe3e51ae17f8f69af?s=96&r=g\",\"caption\":\"sberton\"},\"logo\":{\"@id\":\"https:\\\/\\\/secure.gravatar.com\\\/avatar\\\/fb8e1e50c000ff4ca889d1d62ef01059d7ab27264b271cefe3e51ae17f8f69af?s=96&r=g\"}}]}<\/script>\n<!-- \/ Yoast SEO plugin. -->","yoast_head_json":{"title":"Conf\u00e9rences - Stanislas BERTON","robots":{"index":"index","follow":"follow","max-snippet":"max-snippet:-1","max-image-preview":"max-image-preview:large","max-video-preview":"max-video-preview:-1"},"canonical":"http:\/\/stanislasberton.com\/index.php\/conferences\/","og_locale":"en_US","og_type":"article","og_title":"Conf\u00e9rences - Stanislas BERTON","og_description":"Si vous souhaitez organiser une conf\u00e9rence suivie d&#8217;une d\u00e9dicace de mes livres, veuillez utiliser le formulaire de contact. Ma zone d&#8217;intervention couvre principalement la France m\u00e9tropolitaine mais des d\u00e9placements dans les territoires d&#8217;outre-mer ou \u00e0 l&#8217;\u00e9tranger peuvent \u00eatre envisag\u00e9s sur demande et au cas par cas. Si vous \u00eates un collectif, une association ou un [&hellip;]","og_url":"http:\/\/stanislasberton.com\/index.php\/conferences\/","og_site_name":"Stanislas BERTON","article_modified_time":"2026-01-26T09:31:06+00:00","twitter_card":"summary_large_image","twitter_misc":{"Est. reading time":"1 minute"},"schema":{"@context":"https:\/\/schema.org","@graph":[{"@type":"WebPage","@id":"http:\/\/stanislasberton.com\/index.php\/conferences\/","url":"http:\/\/stanislasberton.com\/index.php\/conferences\/","name":"Conf\u00e9rences - Stanislas BERTON","isPartOf":{"@id":"https:\/\/stanislasberton.com\/#website"},"datePublished":"2022-01-26T09:59:59+00:00","dateModified":"2026-01-26T09:31:06+00:00","breadcrumb":{"@id":"http:\/\/stanislasberton.com\/index.php\/conferences\/#breadcrumb"},"inLanguage":"en-US","potentialAction":[{"@type":"ReadAction","target":["http:\/\/stanislasberton.com\/index.php\/conferences\/"]}]},{"@type":"BreadcrumbList","@id":"http:\/\/stanislasberton.com\/index.php\/conferences\/#breadcrumb","itemListElement":[{"@type":"ListItem","position":1,"name":"Home","item":"https:\/\/stanislasberton.com\/"},{"@type":"ListItem","position":2,"name":"Conf\u00e9rences"}]},{"@type":"WebSite","@id":"https:\/\/stanislasberton.com\/#website","url":"https:\/\/stanislasberton.com\/","name":"Stanislas BERTON","description":"Quantum potes, tantum aude","publisher":{"@id":"https:\/\/stanislasberton.com\/#\/schema\/person\/35b8ff927e855a1e6c5cc1921d61e08c"},"potentialAction":[{"@type":"SearchAction","target":{"@type":"EntryPoint","urlTemplate":"https:\/\/stanislasberton.com\/?s={search_term_string}"},"query-input":{"@type":"PropertyValueSpecification","valueRequired":true,"valueName":"search_term_string"}}],"inLanguage":"en-US"},{"@type":["Person","Organization"],"@id":"https:\/\/stanislasberton.com\/#\/schema\/person\/35b8ff927e855a1e6c5cc1921d61e08c","name":"sberton","image":{"@type":"ImageObject","inLanguage":"en-US","@id":"https:\/\/secure.gravatar.com\/avatar\/fb8e1e50c000ff4ca889d1d62ef01059d7ab27264b271cefe3e51ae17f8f69af?s=96&r=g","url":"https:\/\/secure.gravatar.com\/avatar\/fb8e1e50c000ff4ca889d1d62ef01059d7ab27264b271cefe3e51ae17f8f69af?s=96&r=g","contentUrl":"https:\/\/secure.gravatar.com\/avatar\/fb8e1e50c000ff4ca889d1d62ef01059d7ab27264b271cefe3e51ae17f8f69af?s=96&r=g","caption":"sberton"},"logo":{"@id":"https:\/\/secure.gravatar.com\/avatar\/fb8e1e50c000ff4ca889d1d62ef01059d7ab27264b271cefe3e51ae17f8f69af?s=96&r=g"}}]}},"_links":{"self":[{"href":"https:\/\/stanislasberton.com\/index.php\/wp-json\/wp\/v2\/pages\/3250","targetHints":{"allow":["GET"]}}],"collection":[{"href":"https:\/\/stanislasberton.com\/index.php\/wp-json\/wp\/v2\/pages"}],"about":[{"href":"https:\/\/stanislasberton.com\/index.php\/wp-json\/wp\/v2\/types\/page"}],"author":[{"embeddable":true,"href":"https:\/\/stanislasberton.com\/index.php\/wp-json\/wp\/v2\/users\/1"}],"replies":[{"embeddable":true,"href":"https:\/\/stanislasberton.com\/index.php\/wp-json\/wp\/v2\/comments?post=3250"}],"version-history":[{"count":5,"href":"https:\/\/stanislasberton.com\/index.php\/wp-json\/wp\/v2\/pages\/3250\/revisions"}],"predecessor-version":[{"id":5678,"href":"https:\/\/stanislasberton.com\/index.php\/wp-json\/wp\/v2\/pages\/3250\/revisions\/5678"}],"wp:attachment":[{"href":"https:\/\/stanislasberton.com\/index.php\/wp-json\/wp\/v2\/media?parent=3250"}],"curies":[{"name":"wp","href":"https:\/\/api.w.org\/{rel}","templated":true}]}}