{"id":1267,"date":"2020-07-25T10:57:54","date_gmt":"2020-07-25T08:57:54","guid":{"rendered":"http:\/\/stanislasberton.com\/?page_id=1267"},"modified":"2025-09-30T08:04:39","modified_gmt":"2025-09-30T06:04:39","slug":"medias","status":"publish","type":"page","link":"https:\/\/stanislasberton.com\/index.php\/medias\/","title":{"rendered":"M\u00e9dias"},"content":{"rendered":"\n<p><a href=\"https:\/\/www.francesoir.fr\/videos-le-defi-de-la-verite\/stanislas-berton-au-defi-de-la-verite\">Entretien France Soir (La France Retrouv\u00e9e) <\/a><\/p>\n\n\n\n<figure class=\"wp-block-image size-large\"><a href=\"https:\/\/www.francesoir.fr\/videos-le-defi-de-la-verite\/stanislas-berton-au-defi-de-la-verite\"><img loading=\"lazy\" decoding=\"async\" width=\"745\" height=\"454\" src=\"http:\/\/stanislasberton.com\/wp-content\/uploads\/2021\/06\/France_Soir_screenshot_2.jpg\" alt=\"\" class=\"wp-image-2073\" srcset=\"https:\/\/stanislasberton.com\/wp-content\/uploads\/2021\/06\/France_Soir_screenshot_2.jpg 745w, https:\/\/stanislasberton.com\/wp-content\/uploads\/2021\/06\/France_Soir_screenshot_2-300x183.jpg 300w, https:\/\/stanislasberton.com\/wp-content\/uploads\/2021\/06\/France_Soir_screenshot_2-620x378.jpg 620w\" sizes=\"auto, (max-width: 745px) 100vw, 745px\" \/><\/a><\/figure>\n\n\n\n<p><a href=\"https:\/\/www.lasemaine.fr\/stanislas-berton-sortir-les-jeux-video-de-leur-ghetto\/\">Semaine de Nancy- AGO Games <\/a><\/p>\n\n\n\n<p><a href=\"https:\/\/politiquemagazine.fr\/tribunes\/retrouver-la-france-entretien-avec-stanislas-berton\/\">Entretien Politique Magazine (La France Retrouv\u00e9e)<\/a><\/p>\n\n\n\n<p><a href=\"https:\/\/www.bvoltaire.fr\/stanislas-berton-une-nouvelle-elite-patriote-doit-reprendre-le-controle-du-pays\/\">Entretien Boulevard Voltaire (La France Retrouv\u00e9e) <\/a><\/p>\n\n\n\n<p><a href=\"https:\/\/www.youtube.com\/watch?v=869dSajd028\">Entretien TVL &#8211; Volume IV des Essais<\/a><\/p>\n\n\n\n<figure class=\"wp-block-embed is-type-video is-provider-youtube wp-block-embed-youtube wp-embed-aspect-16-9 wp-has-aspect-ratio\"><div class=\"wp-block-embed__wrapper\">\n<iframe loading=\"lazy\" title=\"BRICS vs mondialistes : de la guerre hybride \u00e0 la grande bascule - Politique &amp; Eco avec S. Berton\" width=\"620\" height=\"349\" src=\"https:\/\/www.youtube.com\/embed\/869dSajd028?feature=oembed\" frameborder=\"0\" allow=\"accelerometer; autoplay; clipboard-write; encrypted-media; gyroscope; picture-in-picture; web-share\" referrerpolicy=\"strict-origin-when-cross-origin\" allowfullscreen><\/iframe>\n<\/div><\/figure>\n\n\n\n<p><a href=\"https:\/\/www.youtube.com\/watch?time_continue=3&amp;v=Z-u-pCM2_80&amp;embeds_euri=http%3A%2F%2Fstanislasberton.com%2F&amp;feature=emb_logo\">Entretien-L&#8217;Homme et la Cit\u00e9 &#8211; Volume III<\/a><\/p>\n\n\n\n<figure class=\"wp-block-embed is-type-video is-provider-youtube wp-block-embed-youtube wp-embed-aspect-16-9 wp-has-aspect-ratio\"><div class=\"wp-block-embed__wrapper\">\n<iframe loading=\"lazy\" title=\"Stanislas Berton : &quot;le rejet de l\u2019Occident est port\u00e9 par la Chine et la Russie&quot;\" width=\"620\" height=\"349\" src=\"https:\/\/www.youtube.com\/embed\/Z-u-pCM2_80?start=3&#038;feature=oembed\" frameborder=\"0\" allow=\"accelerometer; autoplay; clipboard-write; encrypted-media; gyroscope; picture-in-picture; web-share\" referrerpolicy=\"strict-origin-when-cross-origin\" allowfullscreen><\/iframe>\n<\/div><\/figure>\n\n\n\n<p><a href=\"https:\/\/www.youtube.com\/watch?v=S0GOWxIhS9k\">Entretien G\u00e9opolitique Profonde<\/a><\/p>\n\n\n\n<figure class=\"wp-block-embed is-type-video is-provider-youtube wp-block-embed-youtube wp-embed-aspect-16-9 wp-has-aspect-ratio\"><div class=\"wp-block-embed__wrapper\">\n<iframe loading=\"lazy\" title=\"LA GUERRE COGNITIVE DU MONDIALISME AVEC STANISLAS BERTON\" width=\"620\" height=\"349\" src=\"https:\/\/www.youtube.com\/embed\/S0GOWxIhS9k?feature=oembed\" frameborder=\"0\" allow=\"accelerometer; autoplay; clipboard-write; encrypted-media; gyroscope; picture-in-picture; web-share\" referrerpolicy=\"strict-origin-when-cross-origin\" allowfullscreen><\/iframe>\n<\/div><\/figure>\n\n\n\n<p><a href=\"https:\/\/www.youtube.com\/live\/ikTKbGSP3dw\">Entretien G\u00e9opolitique Profonde &#8211; Vol IV des Essais<\/a><\/p>\n\n\n\n<figure class=\"wp-block-embed is-type-video is-provider-youtube wp-block-embed-youtube wp-embed-aspect-16-9 wp-has-aspect-ratio\"><div class=\"wp-block-embed__wrapper\">\n<iframe loading=\"lazy\" title=\"L\u2019ARRIV\u00c9E IMMINENTE DE L\u2019ANT\u00c9CHRIST ? STANISLAS BERTON D\u00c9VOILE LA RELIGION DU MONDIALISME ! | GPTV\" width=\"620\" height=\"349\" src=\"https:\/\/www.youtube.com\/embed\/ikTKbGSP3dw?feature=oembed\" frameborder=\"0\" allow=\"accelerometer; autoplay; clipboard-write; encrypted-media; gyroscope; picture-in-picture; web-share\" referrerpolicy=\"strict-origin-when-cross-origin\" allowfullscreen><\/iframe>\n<\/div><\/figure>\n\n\n\n<p><a href=\"https:\/\/www.youtube.com\/watch?v=sD4XN55xjVw\">Entretien Sud Radio (L&#8217;Homme et la Cit\u00e9- Volume II)<\/a><\/p>\n\n\n\n<figure class=\"wp-block-embed is-type-video is-provider-youtube wp-block-embed-youtube wp-embed-aspect-16-9 wp-has-aspect-ratio\"><div class=\"wp-block-embed__wrapper\">\n<iframe loading=\"lazy\" title=\"Peut-on parler d\u2019une \u201cguerre cognitive\u201d men\u00e9e contre les peuples ? Avec Stanislas Berton\" width=\"620\" height=\"349\" src=\"https:\/\/www.youtube.com\/embed\/sD4XN55xjVw?feature=oembed\" frameborder=\"0\" allow=\"accelerometer; autoplay; clipboard-write; encrypted-media; gyroscope; picture-in-picture; web-share\" referrerpolicy=\"strict-origin-when-cross-origin\" allowfullscreen><\/iframe>\n<\/div><\/figure>\n\n\n\n<p><a href=\"https:\/\/www.youtube.com\/watch?v=BlGEtM_ZzxU\">Entretien TVL &#8211; Le mondialisme mis en \u00e9chec<\/a><\/p>\n\n\n\n<figure class=\"wp-block-embed is-type-video is-provider-youtube wp-block-embed-youtube wp-embed-aspect-16-9 wp-has-aspect-ratio\"><div class=\"wp-block-embed__wrapper\">\n<iframe loading=\"lazy\" title=\"La Grande r\u00e9initialisation \u00e9chec et mat ? - Le Zoom - Stanislas Berton - TVL\" width=\"620\" height=\"349\" src=\"https:\/\/www.youtube.com\/embed\/BlGEtM_ZzxU?feature=oembed\" frameborder=\"0\" allow=\"accelerometer; autoplay; clipboard-write; encrypted-media; gyroscope; picture-in-picture; web-share\" referrerpolicy=\"strict-origin-when-cross-origin\" allowfullscreen><\/iframe>\n<\/div><\/figure>\n\n\n\n<p><a href=\"https:\/\/www.youtube.com\/watch?v=yo85Op_17Z4\">Entretien TVL (Etre Fran\u00e7ais: lettre \u00e0 ma soeur)<\/a><\/p>\n\n\n\n<figure class=\"wp-block-embed is-type-video is-provider-youtube wp-block-embed-youtube wp-embed-aspect-16-9 wp-has-aspect-ratio\"><div class=\"wp-block-embed__wrapper\">\n<iframe loading=\"lazy\" title=\"&quot;Etre Fran\u00e7ais, ce n&#039;est pas un passeport !&quot; - Le Zoom - Stanislas Berton - TVL\" width=\"620\" height=\"349\" src=\"https:\/\/www.youtube.com\/embed\/yo85Op_17Z4?feature=oembed\" frameborder=\"0\" allow=\"accelerometer; autoplay; clipboard-write; encrypted-media; gyroscope; picture-in-picture; web-share\" referrerpolicy=\"strict-origin-when-cross-origin\" allowfullscreen><\/iframe>\n<\/div><\/figure>\n\n\n\n<figure class=\"wp-block-embed is-type-video is-provider-youtube wp-block-embed-youtube wp-embed-aspect-16-9 wp-has-aspect-ratio\"><div class=\"wp-block-embed__wrapper\">\n<iframe loading=\"lazy\" title=\"Contr\u00f4le de nos pens\u00e9es : le projet mondialiste a d\u00e9j\u00e0 commenc\u00e9 !\" width=\"620\" height=\"349\" src=\"https:\/\/www.youtube.com\/embed\/vqhPAcOivEo?start=6&#038;feature=oembed\" frameborder=\"0\" allow=\"accelerometer; autoplay; clipboard-write; encrypted-media; gyroscope; picture-in-picture; web-share\" referrerpolicy=\"strict-origin-when-cross-origin\" allowfullscreen><\/iframe>\n<\/div><\/figure>\n\n\n\n<p><a href=\"https:\/\/www.sudradio.fr\/societe\/stanislas-berton-linformation-etait-la-le-risque-etait-identifie-des-gens-se-sont-prepares\/\">Entretien Sud Radio :Gestion du risque et crise COVID-19<\/a><\/p>\n\n\n\n<p><a href=\"https:\/\/www.sudradio.fr\/societe\/stanislas-berton-ce-qui-etait-une-evidence-pendant-des-siecles-est-devenu-tabou\/\">Entretien Sud Radio: Identit\u00e9 fran\u00e7aise et \u201cEtre Fran\u00e7ais\u201d<\/a><\/p>\n\n\n\n<p><a href=\"https:\/\/www.sudradio.fr\/societe\/stanislas-berton-on-est-dans-une-reecriture-totale-des-lois-fondamentales-qui-ont-gouverne-lhumanite-depuis-les-debuts\/\">Entretien Sud Radio : L&#8217;Homme et la Cit\u00e9<\/a><\/p>\n\n\n\n<p><a href=\"https:\/\/www.youtube.com\/watch?v=aG0YejWCfAM&amp;feature=youtu.be\">Entretien Sud Radio (La France Retrouv\u00e9e) <\/a><\/p>\n\n\n\n<p><a href=\"https:\/\/www.youtube.com\/watch?v=PAUPWG2WDo0&amp;t=1s\">Entretien L&#8217;Homme et la Cit\u00e9 &#8211; Volume II &#8211; The Epoch Times<\/a><\/p>\n\n\n\n<figure class=\"wp-block-embed is-type-video is-provider-youtube wp-block-embed-youtube wp-embed-aspect-16-9 wp-has-aspect-ratio\"><div class=\"wp-block-embed__wrapper\">\n<iframe loading=\"lazy\" title=\"\u00ab Nous sommes au c\u0153ur d\u2019une guerre hors limites \u00bb, selon Stanislas Berton\" width=\"620\" height=\"349\" src=\"https:\/\/www.youtube.com\/embed\/PAUPWG2WDo0?start=1&#038;feature=oembed\" frameborder=\"0\" allow=\"accelerometer; autoplay; clipboard-write; encrypted-media; gyroscope; picture-in-picture; web-share\" referrerpolicy=\"strict-origin-when-cross-origin\" allowfullscreen><\/iframe>\n<\/div><\/figure>\n\n\n\n<p><\/p>\n","protected":false},"excerpt":{"rendered":"<p>Entretien France Soir (La France Retrouv\u00e9e) Semaine de Nancy- AGO Games Entretien Politique Magazine (La France Retrouv\u00e9e) Entretien Boulevard Voltaire (La France Retrouv\u00e9e) Entretien TVL &#8211; Volume IV des Essais Entretien-L&#8217;Homme et la Cit\u00e9 &#8211; Volume III Entretien G\u00e9opolitique Profonde Entretien G\u00e9opolitique Profonde &#8211; Vol IV des Essais Entretien Sud Radio (L&#8217;Homme et la Cit\u00e9- [&hellip;]<\/p>\n","protected":false},"author":1,"featured_media":0,"parent":0,"menu_order":0,"comment_status":"closed","ping_status":"closed","template":"","meta":{"footnotes":""},"class_list":["post-1267","page","type-page","status-publish","hentry"],"yoast_head":"<!-- This site is optimized with the Yoast SEO plugin v27.3 - https:\/\/yoast.com\/product\/yoast-seo-wordpress\/ -->\n<title>M\u00e9dias - Stanislas BERTON<\/title>\n<meta name=\"robots\" content=\"index, follow, max-snippet:-1, max-image-preview:large, max-video-preview:-1\" \/>\n<link rel=\"canonical\" href=\"https:\/\/stanislasberton.com\/index.php\/medias\/\" \/>\n<meta property=\"og:locale\" content=\"en_US\" \/>\n<meta property=\"og:type\" content=\"article\" \/>\n<meta property=\"og:title\" content=\"M\u00e9dias - Stanislas BERTON\" \/>\n<meta property=\"og:description\" content=\"Entretien France Soir (La France Retrouv\u00e9e) Semaine de Nancy- AGO Games Entretien Politique Magazine (La France Retrouv\u00e9e) Entretien Boulevard Voltaire (La France Retrouv\u00e9e) Entretien TVL &#8211; Volume IV des Essais Entretien-L&#8217;Homme et la Cit\u00e9 &#8211; Volume III Entretien G\u00e9opolitique Profonde Entretien G\u00e9opolitique Profonde &#8211; Vol IV des Essais Entretien Sud Radio (L&#8217;Homme et la Cit\u00e9- [&hellip;]\" \/>\n<meta property=\"og:url\" content=\"https:\/\/stanislasberton.com\/index.php\/medias\/\" \/>\n<meta property=\"og:site_name\" content=\"Stanislas BERTON\" \/>\n<meta property=\"article:modified_time\" content=\"2025-09-30T06:04:39+00:00\" \/>\n<meta property=\"og:image\" content=\"http:\/\/stanislasberton.com\/wp-content\/uploads\/2021\/06\/France_Soir_screenshot_2.jpg\" \/>\n<meta name=\"twitter:card\" content=\"summary_large_image\" \/>\n<meta name=\"twitter:label1\" content=\"Est. reading time\" \/>\n\t<meta name=\"twitter:data1\" content=\"1 minute\" \/>\n<script type=\"application\/ld+json\" class=\"yoast-schema-graph\">{\"@context\":\"https:\\\/\\\/schema.org\",\"@graph\":[{\"@type\":\"WebPage\",\"@id\":\"https:\\\/\\\/stanislasberton.com\\\/index.php\\\/medias\\\/\",\"url\":\"https:\\\/\\\/stanislasberton.com\\\/index.php\\\/medias\\\/\",\"name\":\"M\u00e9dias - Stanislas BERTON\",\"isPartOf\":{\"@id\":\"http:\\\/\\\/stanislasberton.com\\\/#website\"},\"primaryImageOfPage\":{\"@id\":\"https:\\\/\\\/stanislasberton.com\\\/index.php\\\/medias\\\/#primaryimage\"},\"image\":{\"@id\":\"https:\\\/\\\/stanislasberton.com\\\/index.php\\\/medias\\\/#primaryimage\"},\"thumbnailUrl\":\"http:\\\/\\\/stanislasberton.com\\\/wp-content\\\/uploads\\\/2021\\\/06\\\/France_Soir_screenshot_2.jpg\",\"datePublished\":\"2020-07-25T08:57:54+00:00\",\"dateModified\":\"2025-09-30T06:04:39+00:00\",\"breadcrumb\":{\"@id\":\"https:\\\/\\\/stanislasberton.com\\\/index.php\\\/medias\\\/#breadcrumb\"},\"inLanguage\":\"en-US\",\"potentialAction\":[{\"@type\":\"ReadAction\",\"target\":[\"https:\\\/\\\/stanislasberton.com\\\/index.php\\\/medias\\\/\"]}]},{\"@type\":\"ImageObject\",\"inLanguage\":\"en-US\",\"@id\":\"https:\\\/\\\/stanislasberton.com\\\/index.php\\\/medias\\\/#primaryimage\",\"url\":\"https:\\\/\\\/stanislasberton.com\\\/wp-content\\\/uploads\\\/2021\\\/06\\\/France_Soir_screenshot_2.jpg\",\"contentUrl\":\"https:\\\/\\\/stanislasberton.com\\\/wp-content\\\/uploads\\\/2021\\\/06\\\/France_Soir_screenshot_2.jpg\",\"width\":745,\"height\":454},{\"@type\":\"BreadcrumbList\",\"@id\":\"https:\\\/\\\/stanislasberton.com\\\/index.php\\\/medias\\\/#breadcrumb\",\"itemListElement\":[{\"@type\":\"ListItem\",\"position\":1,\"name\":\"Home\",\"item\":\"http:\\\/\\\/stanislasberton.com\\\/\"},{\"@type\":\"ListItem\",\"position\":2,\"name\":\"M\u00e9dias\"}]},{\"@type\":\"WebSite\",\"@id\":\"http:\\\/\\\/stanislasberton.com\\\/#website\",\"url\":\"http:\\\/\\\/stanislasberton.com\\\/\",\"name\":\"Stanislas BERTON\",\"description\":\"Quantum potes, tantum aude\",\"publisher\":{\"@id\":\"http:\\\/\\\/stanislasberton.com\\\/#\\\/schema\\\/person\\\/35b8ff927e855a1e6c5cc1921d61e08c\"},\"potentialAction\":[{\"@type\":\"SearchAction\",\"target\":{\"@type\":\"EntryPoint\",\"urlTemplate\":\"http:\\\/\\\/stanislasberton.com\\\/?s={search_term_string}\"},\"query-input\":{\"@type\":\"PropertyValueSpecification\",\"valueRequired\":true,\"valueName\":\"search_term_string\"}}],\"inLanguage\":\"en-US\"},{\"@type\":[\"Person\",\"Organization\"],\"@id\":\"http:\\\/\\\/stanislasberton.com\\\/#\\\/schema\\\/person\\\/35b8ff927e855a1e6c5cc1921d61e08c\",\"name\":\"sberton\",\"image\":{\"@type\":\"ImageObject\",\"inLanguage\":\"en-US\",\"@id\":\"https:\\\/\\\/secure.gravatar.com\\\/avatar\\\/fb8e1e50c000ff4ca889d1d62ef01059d7ab27264b271cefe3e51ae17f8f69af?s=96&r=g\",\"url\":\"https:\\\/\\\/secure.gravatar.com\\\/avatar\\\/fb8e1e50c000ff4ca889d1d62ef01059d7ab27264b271cefe3e51ae17f8f69af?s=96&r=g\",\"contentUrl\":\"https:\\\/\\\/secure.gravatar.com\\\/avatar\\\/fb8e1e50c000ff4ca889d1d62ef01059d7ab27264b271cefe3e51ae17f8f69af?s=96&r=g\",\"caption\":\"sberton\"},\"logo\":{\"@id\":\"https:\\\/\\\/secure.gravatar.com\\\/avatar\\\/fb8e1e50c000ff4ca889d1d62ef01059d7ab27264b271cefe3e51ae17f8f69af?s=96&r=g\"}}]}<\/script>\n<!-- \/ Yoast SEO plugin. -->","yoast_head_json":{"title":"M\u00e9dias - Stanislas BERTON","robots":{"index":"index","follow":"follow","max-snippet":"max-snippet:-1","max-image-preview":"max-image-preview:large","max-video-preview":"max-video-preview:-1"},"canonical":"https:\/\/stanislasberton.com\/index.php\/medias\/","og_locale":"en_US","og_type":"article","og_title":"M\u00e9dias - Stanislas BERTON","og_description":"Entretien France Soir (La France Retrouv\u00e9e) Semaine de Nancy- AGO Games Entretien Politique Magazine (La France Retrouv\u00e9e) Entretien Boulevard Voltaire (La France Retrouv\u00e9e) Entretien TVL &#8211; Volume IV des Essais Entretien-L&#8217;Homme et la Cit\u00e9 &#8211; Volume III Entretien G\u00e9opolitique Profonde Entretien G\u00e9opolitique Profonde &#8211; Vol IV des Essais Entretien Sud Radio (L&#8217;Homme et la Cit\u00e9- [&hellip;]","og_url":"https:\/\/stanislasberton.com\/index.php\/medias\/","og_site_name":"Stanislas BERTON","article_modified_time":"2025-09-30T06:04:39+00:00","og_image":[{"url":"http:\/\/stanislasberton.com\/wp-content\/uploads\/2021\/06\/France_Soir_screenshot_2.jpg","type":"","width":"","height":""}],"twitter_card":"summary_large_image","twitter_misc":{"Est. reading time":"1 minute"},"schema":{"@context":"https:\/\/schema.org","@graph":[{"@type":"WebPage","@id":"https:\/\/stanislasberton.com\/index.php\/medias\/","url":"https:\/\/stanislasberton.com\/index.php\/medias\/","name":"M\u00e9dias - Stanislas BERTON","isPartOf":{"@id":"http:\/\/stanislasberton.com\/#website"},"primaryImageOfPage":{"@id":"https:\/\/stanislasberton.com\/index.php\/medias\/#primaryimage"},"image":{"@id":"https:\/\/stanislasberton.com\/index.php\/medias\/#primaryimage"},"thumbnailUrl":"http:\/\/stanislasberton.com\/wp-content\/uploads\/2021\/06\/France_Soir_screenshot_2.jpg","datePublished":"2020-07-25T08:57:54+00:00","dateModified":"2025-09-30T06:04:39+00:00","breadcrumb":{"@id":"https:\/\/stanislasberton.com\/index.php\/medias\/#breadcrumb"},"inLanguage":"en-US","potentialAction":[{"@type":"ReadAction","target":["https:\/\/stanislasberton.com\/index.php\/medias\/"]}]},{"@type":"ImageObject","inLanguage":"en-US","@id":"https:\/\/stanislasberton.com\/index.php\/medias\/#primaryimage","url":"https:\/\/stanislasberton.com\/wp-content\/uploads\/2021\/06\/France_Soir_screenshot_2.jpg","contentUrl":"https:\/\/stanislasberton.com\/wp-content\/uploads\/2021\/06\/France_Soir_screenshot_2.jpg","width":745,"height":454},{"@type":"BreadcrumbList","@id":"https:\/\/stanislasberton.com\/index.php\/medias\/#breadcrumb","itemListElement":[{"@type":"ListItem","position":1,"name":"Home","item":"http:\/\/stanislasberton.com\/"},{"@type":"ListItem","position":2,"name":"M\u00e9dias"}]},{"@type":"WebSite","@id":"http:\/\/stanislasberton.com\/#website","url":"http:\/\/stanislasberton.com\/","name":"Stanislas BERTON","description":"Quantum potes, tantum aude","publisher":{"@id":"http:\/\/stanislasberton.com\/#\/schema\/person\/35b8ff927e855a1e6c5cc1921d61e08c"},"potentialAction":[{"@type":"SearchAction","target":{"@type":"EntryPoint","urlTemplate":"http:\/\/stanislasberton.com\/?s={search_term_string}"},"query-input":{"@type":"PropertyValueSpecification","valueRequired":true,"valueName":"search_term_string"}}],"inLanguage":"en-US"},{"@type":["Person","Organization"],"@id":"http:\/\/stanislasberton.com\/#\/schema\/person\/35b8ff927e855a1e6c5cc1921d61e08c","name":"sberton","image":{"@type":"ImageObject","inLanguage":"en-US","@id":"https:\/\/secure.gravatar.com\/avatar\/fb8e1e50c000ff4ca889d1d62ef01059d7ab27264b271cefe3e51ae17f8f69af?s=96&r=g","url":"https:\/\/secure.gravatar.com\/avatar\/fb8e1e50c000ff4ca889d1d62ef01059d7ab27264b271cefe3e51ae17f8f69af?s=96&r=g","contentUrl":"https:\/\/secure.gravatar.com\/avatar\/fb8e1e50c000ff4ca889d1d62ef01059d7ab27264b271cefe3e51ae17f8f69af?s=96&r=g","caption":"sberton"},"logo":{"@id":"https:\/\/secure.gravatar.com\/avatar\/fb8e1e50c000ff4ca889d1d62ef01059d7ab27264b271cefe3e51ae17f8f69af?s=96&r=g"}}]}},"_links":{"self":[{"href":"https:\/\/stanislasberton.com\/index.php\/wp-json\/wp\/v2\/pages\/1267","targetHints":{"allow":["GET"]}}],"collection":[{"href":"https:\/\/stanislasberton.com\/index.php\/wp-json\/wp\/v2\/pages"}],"about":[{"href":"https:\/\/stanislasberton.com\/index.php\/wp-json\/wp\/v2\/types\/page"}],"author":[{"embeddable":true,"href":"https:\/\/stanislasberton.com\/index.php\/wp-json\/wp\/v2\/users\/1"}],"replies":[{"embeddable":true,"href":"https:\/\/stanislasberton.com\/index.php\/wp-json\/wp\/v2\/comments?post=1267"}],"version-history":[{"count":2,"href":"https:\/\/stanislasberton.com\/index.php\/wp-json\/wp\/v2\/pages\/1267\/revisions"}],"predecessor-version":[{"id":5440,"href":"https:\/\/stanislasberton.com\/index.php\/wp-json\/wp\/v2\/pages\/1267\/revisions\/5440"}],"wp:attachment":[{"href":"https:\/\/stanislasberton.com\/index.php\/wp-json\/wp\/v2\/media?parent=1267"}],"curies":[{"name":"wp","href":"https:\/\/api.w.org\/{rel}","templated":true}]}}