{"id":7,"date":"2019-10-14T15:19:17","date_gmt":"2019-10-14T13:19:17","guid":{"rendered":"http:\/\/stanislasberton.com\/?page_id=7"},"modified":"2026-03-23T13:16:28","modified_gmt":"2026-03-23T12:16:28","slug":"a-propos","status":"publish","type":"page","link":"http:\/\/stanislasberton.com\/index.php\/a-propos\/","title":{"rendered":"A propos"},"content":{"rendered":"\n<figure class=\"wp-block-image size-large is-resized\"><img loading=\"lazy\" decoding=\"async\" width=\"996\" height=\"1024\" src=\"http:\/\/stanislasberton.com\/wp-content\/uploads\/2021\/10\/The_Calling_of_Saint_Matthew-Caravaggio_1599-1600-996x1024.jpg\" alt=\"\" class=\"wp-image-2943\" style=\"width:398px;height:409px\" srcset=\"http:\/\/stanislasberton.com\/wp-content\/uploads\/2021\/10\/The_Calling_of_Saint_Matthew-Caravaggio_1599-1600-996x1024.jpg 996w, http:\/\/stanislasberton.com\/wp-content\/uploads\/2021\/10\/The_Calling_of_Saint_Matthew-Caravaggio_1599-1600-292x300.jpg 292w, http:\/\/stanislasberton.com\/wp-content\/uploads\/2021\/10\/The_Calling_of_Saint_Matthew-Caravaggio_1599-1600-768x789.jpg 768w, http:\/\/stanislasberton.com\/wp-content\/uploads\/2021\/10\/The_Calling_of_Saint_Matthew-Caravaggio_1599-1600-1495x1536.jpg 1495w, http:\/\/stanislasberton.com\/wp-content\/uploads\/2021\/10\/The_Calling_of_Saint_Matthew-Caravaggio_1599-1600-620x637.jpg 620w, http:\/\/stanislasberton.com\/wp-content\/uploads\/2021\/10\/The_Calling_of_Saint_Matthew-Caravaggio_1599-1600.jpg 1946w\" sizes=\"auto, (max-width: 996px) 100vw, 996px\" \/><figcaption class=\"wp-element-caption\"><em>La Vocation de Saint Matthieu-Le Caravage<\/em><br><em>\u00c9glise Saint-Louis-des-Fran\u00e7ais, Rome<\/em><\/figcaption><\/figure>\n\n\n\n<p>Stanislas Berton est un <a href=\"http:\/\/stanislasberton.com\/index.php\/2019\/10\/24\/du-leadership\/\">entrepreneur<\/a>, <a href=\"http:\/\/stanislasberton.com\/index.php\/category\/economie\/\">\u00e9conomiste<\/a> et <a href=\"http:\/\/stanislasberton.com\/index.php\/livres\/\">\u00e9crivain <\/a>fran\u00e7ais n\u00e9 \u00e0 Nancy en 1984.<\/p>\n\n\n\n<p>Apr\u00e8s avoir effectu\u00e9 sa scolarit\u00e9 \u00e0 Lun\u00e9ville (54), il \u00e9tudie en classes pr\u00e9paratoires au lyc\u00e9e Henri Poincar\u00e9 \u00e0 Nancy (ECE). Il entre ensuite \u00e0 l\u2019\u00c9cole Sup\u00e9rieure de Commerce de Reims (NEOMA) dont il sort dipl\u00f4m\u00e9 en 2008 avec une sp\u00e9cialisation en marketing, entrepreneuriat et intelligence \u00e9conomique. Durant ses \u00e9tudes, il r\u00e9alise plusieurs court-m\u00e9trages et r\u00e9dige un grand nombre de critiques de films. Ce travail lui vaudra d\u2019\u00eatre s\u00e9lectionn\u00e9 par l\u2019\u00c9tat fran\u00e7ais comme membre du <a href=\"https:\/\/drive.google.com\/file\/d\/1k4qHCt9pO5jgkzYWAJTu3_LgHK6CaQ3s\/view?usp=sharing\">Jury Jeune<\/a> du <a href=\"https:\/\/fr.wikipedia.org\/wiki\/Festival_de_Cannes_2008\">61<sup>\u00e8me<\/sup>Festival de Cannes.<\/a><\/p>\n\n\n\n<p>Apr\u00e8s avoir consacr\u00e9 <a href=\"https:\/\/drive.google.com\/open?id=1kD9p7NmnEp5nA84t1e30Lr1PYaLp7OQG\">son m\u00e9moire de master<\/a> \u00e0 la plate-forme de distribution num\u00e9rique de jeux vid\u00e9o <a href=\"https:\/\/store.steampowered.com\/?l=french\">Steam<\/a> et identifi\u00e9 l\u2019impact du d\u00e9veloppement de l\u2019internet haut d\u00e9bit sur les mod\u00e8les \u00e9conomiques, Stanislas Berton travaille pour des \u00e9diteurs et des studios de d\u00e9veloppement de jeux vid\u00e9o fran\u00e7ais comme charg\u00e9 de d\u00e9veloppement commercial (<em>business developer<\/em>). <\/p>\n\n\n\n<p>En 2009, il d\u00e9missionne  pour cr\u00e9er son propre studio de d\u00e9veloppement, AG\u014c Games, dont il finance la cr\u00e9ation via une lev\u00e9e de fonds r\u00e9ussie aupr\u00e8s d\u2019investisseurs. En 2011, il commercialise dans le monde entier le jeu <em><a href=\"https:\/\/store.steampowered.com\/app\/348650\/The_AsskickersSteam_Edition\/\">The Asskickers<\/a><\/em> qu&#8217;il \u00e9crit, produit et r\u00e9alise. <\/p>\n\n\n\n<p>Suite \u00e0 cette exp\u00e9rience, Stanislas Berton liquide son entreprise en\n2013 et prend un cong\u00e9 sabbatique. En 2015, le jeu <em>The Asskickers<\/em> est commercialis\u00e9 sur Steam ainsi que sur la plupart\ndes plates-formes de distribution num\u00e9rique. <\/p>\n\n\n\n<p>Pendant plusieurs ann\u00e9es, Stanislas Berton se consacre \u00e0 l\u2019\u00e9tude de <a href=\"http:\/\/stanislasberton.com\/index.php\/category\/economie\/\">l&#8217;\u00e9conomie,<\/a> de la <a href=\"http:\/\/stanislasberton.com\/index.php\/category\/psychologie\/\">psychologie,<\/a> de l&#8217;<a href=\"http:\/\/stanislasberton.com\/index.php\/category\/ethologie\/\">\u00e9thologie<\/a>, des <a href=\"https:\/\/arxiv.org\/pdf\/1410.5787.pdf\">risques syst\u00e9miques<\/a> et du renseignement <em>open-source <\/em>(<a href=\"https:\/\/www.psbedu.paris\/fr\/actus\/open-source-intelligence-technique-renseignement-service-intelligence-economique\">OSINT<\/a>). <\/p>\n\n\n\n<p>En 2018, il  \u00e9crit et publie un livre qui c\u00e9l\u00e8bre l&#8217;identit\u00e9 fran\u00e7aise et sa sp\u00e9cificit\u00e9&nbsp;: \u00ab&nbsp;<a href=\"https:\/\/www.amazon.fr\/Etre-fran%C3%A7ais-Lettre-%C3%A0-soeur\/dp\/1980888574\">Etre Fran\u00e7ais&nbsp;: lettre \u00e0 ma s\u0153ur&nbsp;<\/a>\u00bb. <\/p>\n\n\n\n<p>En 2019, il cr\u00e9e le site <a href=\"http:\/\/stanislasberton.com\/\">stanislasberton.com<\/a>&nbsp; o\u00f9 il partage une synth\u00e8se de ses travaux. <\/p>\n\n\n\n<p>En juillet 2020, il publie un recueil rassemblant l&#8217;ensemble des essais publi\u00e9s en 2019-2020 sur son site sous le titre <a href=\"https:\/\/www.amazon.fr\/dp\/B08DBYPY6Q\">L&#8217;Homme et la Cit\u00e9. <\/a><\/p>\n\n\n\n<p>En f\u00e9vrier 2021, il publie <a href=\"https:\/\/www.amazon.fr\/France-Retrouv\u00e9e-Stanislas-Berton\/dp\/B08VCL186F\">La France Retrouv\u00e9e<\/a> dans lequel il r\u00e9v\u00e8le le projet de destruction de la France et propose des solutions concr\u00e8tes pour sauver notre pays et lui faire retrouver son rang.<\/p>\n\n\n\n<p>En d\u00e9cembre 2021, il publie le deuxi\u00e8me volume de ses d&#8217;essais, <a href=\"https:\/\/www.amazon.fr\/dp\/B09M7LQNR7\">l&#8217;Homme et la Cit\u00e9 &#8211; Volume II<\/a>, consacr\u00e9 \u00e0 la guerre spirituelle et cognitive men\u00e9e contre la France et l&#8217;Occident. <\/p>\n\n\n\n<p>En d\u00e9cembre 2022, il publie &#8220;<a href=\"https:\/\/www.amazon.fr\/dp\/B0BNTT41CY\">l&#8217;Homme et la Cit\u00e9 &#8211; Volume III<\/a>&#8221; qui r\u00e9v\u00e8le les coulisses de la guerre contre le mondialisme et les vrais enjeux de la crise que traverse le monde. <\/p>\n\n\n\n<p>En 2023 et 2024, il donne plus de trente <a href=\"http:\/\/stanislasberton.com\/index.php\/conferences\/\">conf\u00e9rences<\/a> en France et \u00e0 l&#8217;\u00e9tranger (Suisse, Japon) sur le totalitarisme mondialiste et les moyens de le combattre.<\/p>\n\n\n\n<p>En septembre 2024, il publie <a href=\"https:\/\/www.amazon.fr\/dp\/B0DF83S354\">&#8220;l&#8217;Homme et la Cit\u00e9 &#8211; Volume IV<\/a>&#8221; qui propose une vue d&#8217;ensemble du projet  mondialiste et les moyens de s&#8217;en lib\u00e9rer. <\/p>\n\n\n\n<p>En septembre 2025, il publie et traduit en fran\u00e7ais le livre de Paul Furber &#8220;<a href=\"https:\/\/www.amazon.fr\/dp\/2958490610\">Q : la plus grande op\u00e9ration de r\u00e9information de l&#8217;Histoire<\/a>&#8220;. <\/p>\n\n\n\n<p>Bien que dipl\u00f4m\u00e9 d\u2019une grande \u00e9cole, Stanislas Berton se consid\u00e8re comme un autodidacte. <\/p>\n\n\n\n<p>Il est bilingue en anglais et parle couramment allemand. <\/p>\n\n\n\n<p><a href=\"https:\/\/twitter.com\/StanislasBerton\">Twitter: @StanislasBerton<\/a><\/p>\n\n\n\n<p><\/p>\n\n\n\n<p><strong>R\u00e9alisations&nbsp;: <\/strong><\/p>\n\n\n\n<p><a href=\"https:\/\/www.lasemaine.fr\/stanislas-berton-sortir-les-jeux-video-de-leur-ghetto\/\">AGO Games (PDG et directeur de cr\u00e9ation)<\/a> (2010-2013)<\/p>\n\n\n\n<p><a href=\"https:\/\/store.steampowered.com\/app\/348650\/The_AsskickersSteam_Edition\/\">The Asskickers (AGO Games)<\/a> (2011)<\/p>\n\n\n\n<p><a href=\"https:\/\/www.amazon.fr\/Etre-fran%C3%A7ais-Lettre-%C3%A0-soeur\/dp\/1980888574\">Etre Fran\u00e7ais&nbsp;: lettre \u00e0 ma s\u0153ur<\/a> (2018) <\/p>\n\n\n\n<p><a href=\"https:\/\/www.amazon.fr\/dp\/B08DBYPY6Q\">Essais &#8211; L&#8217;Homme et la Cit\u00e9 <\/a> (2020)<\/p>\n\n\n\n<p><a href=\"https:\/\/www.amazon.fr\/France-Retrouv\u00e9e-Stanislas-Berton\/dp\/B08VCL186F\">La France Retrouv\u00e9e <\/a> (2021)<\/p>\n\n\n\n<p><a href=\"https:\/\/www.amazon.fr\/dp\/B09M7LQNR7\">Essais &#8211; L&#8217;Homme et la Cit\u00e9 -Volume II<\/a> (2021)<\/p>\n\n\n\n<p><a href=\"https:\/\/www.amazon.fr\/dp\/B0BNTT41CY\">Essais &#8211; L&#8217;Homme et la Cit\u00e9 &#8211; Volume III<\/a> (2022) <\/p>\n\n\n\n<p><a href=\"https:\/\/www.amazon.fr\/dp\/B0DF83S354\">Essais &#8211; L&#8217;Homme et la Cit\u00e9 &#8211; Volume IV<\/a> (2024)<\/p>\n\n\n\n<p><a href=\"https:\/\/www.amazon.fr\/dp\/2958490610\">Q: la plus grande op\u00e9ration de r\u00e9information de l&#8217;Histoire<\/a> &#8211; \u00e9diteur et traducteur  (2025) <\/p>\n\n\n\n<p>&#8220;<em>La difficult\u00e9 attire l\u2019homme de caract\u00e8re, car c\u2019est en l\u2019\u00e9treignant qu\u2019il se r\u00e9alise lui-m\u00eame. Mais qu\u2019il l\u2019ait ou non vaincue, c\u2019est affaire entre elle et lui. Amant jaloux, il ne partage rien de ce qu\u2019elle lui donne, ni de ce qu\u2019elle lui co\u00fbte. Il y cherche quoi qu\u2019il arrive, l\u2019\u00e2pre joie d\u2019\u00eatre responsable. La passion d\u2019agir par soi-m\u00eame s\u2019accompagne, \u00e9videmment, de quelque rudesse dans les proc\u00e9d\u00e9s<\/em>.&#8221; Charles de Gaulle- Le fil de l\u2019\u00e9p\u00e9e<\/p>\n\n\n\n<figure class=\"wp-block-embed is-type-video is-provider-youtube wp-block-embed-youtube wp-embed-aspect-16-9 wp-has-aspect-ratio\"><div class=\"wp-block-embed__wrapper\">\n<iframe loading=\"lazy\" title=\"Stanislas Berton : La France retrouv\u00e9e\" width=\"620\" height=\"349\" src=\"https:\/\/www.youtube.com\/embed\/UqQxywf2-pY?feature=oembed\" frameborder=\"0\" allow=\"accelerometer; autoplay; clipboard-write; encrypted-media; gyroscope; picture-in-picture; web-share\" referrerpolicy=\"strict-origin-when-cross-origin\" allowfullscreen><\/iframe>\n<\/div><\/figure>\n","protected":false},"excerpt":{"rendered":"<p>Stanislas Berton est un entrepreneur, \u00e9conomiste et \u00e9crivain fran\u00e7ais n\u00e9 \u00e0 Nancy en 1984. Apr\u00e8s avoir effectu\u00e9 sa scolarit\u00e9 \u00e0 Lun\u00e9ville (54), il \u00e9tudie en classes pr\u00e9paratoires au lyc\u00e9e Henri Poincar\u00e9 \u00e0 Nancy (ECE). Il entre ensuite \u00e0 l\u2019\u00c9cole Sup\u00e9rieure de Commerce de Reims (NEOMA) dont il sort dipl\u00f4m\u00e9 en 2008 avec une sp\u00e9cialisation en [&hellip;]<\/p>\n","protected":false},"author":1,"featured_media":0,"parent":0,"menu_order":0,"comment_status":"closed","ping_status":"closed","template":"","meta":{"footnotes":""},"class_list":["post-7","page","type-page","status-publish","hentry"],"yoast_head":"<!-- This site is optimized with the Yoast SEO plugin v27.3 - https:\/\/yoast.com\/product\/yoast-seo-wordpress\/ -->\n<title>A propos - Stanislas BERTON<\/title>\n<meta name=\"description\" content=\"Stanislas Berton est un entrepreneur fran\u00e7ais n\u00e9 \u00e0 Nancy en 1984. Il est l&#039;auteur du livre &quot;Etre Fran\u00e7ais: lettre \u00e0 ma soeur&quot;\" \/>\n<meta name=\"robots\" content=\"index, follow, max-snippet:-1, max-image-preview:large, max-video-preview:-1\" \/>\n<link rel=\"canonical\" href=\"https:\/\/stanislasberton.com\/index.php\/a-propos\/\" \/>\n<meta property=\"og:locale\" content=\"en_US\" \/>\n<meta property=\"og:type\" content=\"article\" \/>\n<meta property=\"og:title\" content=\"A propos - Stanislas BERTON\" \/>\n<meta property=\"og:description\" content=\"Stanislas Berton est un entrepreneur fran\u00e7ais n\u00e9 \u00e0 Nancy en 1984. Il est l&#039;auteur du livre &quot;Etre Fran\u00e7ais: lettre \u00e0 ma soeur&quot;\" \/>\n<meta property=\"og:url\" content=\"https:\/\/stanislasberton.com\/index.php\/a-propos\/\" \/>\n<meta property=\"og:site_name\" content=\"Stanislas BERTON\" \/>\n<meta property=\"article:modified_time\" content=\"2026-03-23T12:16:28+00:00\" \/>\n<meta property=\"og:image\" content=\"http:\/\/stanislasberton.com\/wp-content\/uploads\/2021\/10\/The_Calling_of_Saint_Matthew-Caravaggio_1599-1600-996x1024.jpg\" \/>\n<meta name=\"twitter:card\" content=\"summary_large_image\" \/>\n<meta name=\"twitter:label1\" content=\"Est. reading time\" \/>\n\t<meta name=\"twitter:data1\" content=\"4 minutes\" \/>\n<script type=\"application\/ld+json\" class=\"yoast-schema-graph\">{\"@context\":\"https:\\\/\\\/schema.org\",\"@graph\":[{\"@type\":\"WebPage\",\"@id\":\"https:\\\/\\\/stanislasberton.com\\\/index.php\\\/a-propos\\\/\",\"url\":\"https:\\\/\\\/stanislasberton.com\\\/index.php\\\/a-propos\\\/\",\"name\":\"A propos - Stanislas BERTON\",\"isPartOf\":{\"@id\":\"https:\\\/\\\/stanislasberton.com\\\/#website\"},\"primaryImageOfPage\":{\"@id\":\"https:\\\/\\\/stanislasberton.com\\\/index.php\\\/a-propos\\\/#primaryimage\"},\"image\":{\"@id\":\"https:\\\/\\\/stanislasberton.com\\\/index.php\\\/a-propos\\\/#primaryimage\"},\"thumbnailUrl\":\"http:\\\/\\\/stanislasberton.com\\\/wp-content\\\/uploads\\\/2021\\\/10\\\/The_Calling_of_Saint_Matthew-Caravaggio_1599-1600-996x1024.jpg\",\"datePublished\":\"2019-10-14T13:19:17+00:00\",\"dateModified\":\"2026-03-23T12:16:28+00:00\",\"description\":\"Stanislas Berton est un entrepreneur fran\u00e7ais n\u00e9 \u00e0 Nancy en 1984. Il est l'auteur du livre \\\"Etre Fran\u00e7ais: lettre \u00e0 ma soeur\\\"\",\"breadcrumb\":{\"@id\":\"https:\\\/\\\/stanislasberton.com\\\/index.php\\\/a-propos\\\/#breadcrumb\"},\"inLanguage\":\"en-US\",\"potentialAction\":[{\"@type\":\"ReadAction\",\"target\":[\"https:\\\/\\\/stanislasberton.com\\\/index.php\\\/a-propos\\\/\"]}]},{\"@type\":\"ImageObject\",\"inLanguage\":\"en-US\",\"@id\":\"https:\\\/\\\/stanislasberton.com\\\/index.php\\\/a-propos\\\/#primaryimage\",\"url\":\"http:\\\/\\\/stanislasberton.com\\\/wp-content\\\/uploads\\\/2021\\\/10\\\/The_Calling_of_Saint_Matthew-Caravaggio_1599-1600.jpg\",\"contentUrl\":\"http:\\\/\\\/stanislasberton.com\\\/wp-content\\\/uploads\\\/2021\\\/10\\\/The_Calling_of_Saint_Matthew-Caravaggio_1599-1600.jpg\",\"width\":1946,\"height\":2000},{\"@type\":\"BreadcrumbList\",\"@id\":\"https:\\\/\\\/stanislasberton.com\\\/index.php\\\/a-propos\\\/#breadcrumb\",\"itemListElement\":[{\"@type\":\"ListItem\",\"position\":1,\"name\":\"Home\",\"item\":\"https:\\\/\\\/stanislasberton.com\\\/\"},{\"@type\":\"ListItem\",\"position\":2,\"name\":\"A propos\"}]},{\"@type\":\"WebSite\",\"@id\":\"https:\\\/\\\/stanislasberton.com\\\/#website\",\"url\":\"https:\\\/\\\/stanislasberton.com\\\/\",\"name\":\"Stanislas BERTON\",\"description\":\"Quantum potes, tantum aude\",\"publisher\":{\"@id\":\"https:\\\/\\\/stanislasberton.com\\\/#\\\/schema\\\/person\\\/35b8ff927e855a1e6c5cc1921d61e08c\"},\"potentialAction\":[{\"@type\":\"SearchAction\",\"target\":{\"@type\":\"EntryPoint\",\"urlTemplate\":\"https:\\\/\\\/stanislasberton.com\\\/?s={search_term_string}\"},\"query-input\":{\"@type\":\"PropertyValueSpecification\",\"valueRequired\":true,\"valueName\":\"search_term_string\"}}],\"inLanguage\":\"en-US\"},{\"@type\":[\"Person\",\"Organization\"],\"@id\":\"https:\\\/\\\/stanislasberton.com\\\/#\\\/schema\\\/person\\\/35b8ff927e855a1e6c5cc1921d61e08c\",\"name\":\"sberton\",\"image\":{\"@type\":\"ImageObject\",\"inLanguage\":\"en-US\",\"@id\":\"https:\\\/\\\/secure.gravatar.com\\\/avatar\\\/fb8e1e50c000ff4ca889d1d62ef01059d7ab27264b271cefe3e51ae17f8f69af?s=96&r=g\",\"url\":\"https:\\\/\\\/secure.gravatar.com\\\/avatar\\\/fb8e1e50c000ff4ca889d1d62ef01059d7ab27264b271cefe3e51ae17f8f69af?s=96&r=g\",\"contentUrl\":\"https:\\\/\\\/secure.gravatar.com\\\/avatar\\\/fb8e1e50c000ff4ca889d1d62ef01059d7ab27264b271cefe3e51ae17f8f69af?s=96&r=g\",\"caption\":\"sberton\"},\"logo\":{\"@id\":\"https:\\\/\\\/secure.gravatar.com\\\/avatar\\\/fb8e1e50c000ff4ca889d1d62ef01059d7ab27264b271cefe3e51ae17f8f69af?s=96&r=g\"}}]}<\/script>\n<!-- \/ Yoast SEO plugin. -->","yoast_head_json":{"title":"A propos - Stanislas BERTON","description":"Stanislas Berton est un entrepreneur fran\u00e7ais n\u00e9 \u00e0 Nancy en 1984. Il est l'auteur du livre \"Etre Fran\u00e7ais: lettre \u00e0 ma soeur\"","robots":{"index":"index","follow":"follow","max-snippet":"max-snippet:-1","max-image-preview":"max-image-preview:large","max-video-preview":"max-video-preview:-1"},"canonical":"https:\/\/stanislasberton.com\/index.php\/a-propos\/","og_locale":"en_US","og_type":"article","og_title":"A propos - Stanislas BERTON","og_description":"Stanislas Berton est un entrepreneur fran\u00e7ais n\u00e9 \u00e0 Nancy en 1984. Il est l'auteur du livre \"Etre Fran\u00e7ais: lettre \u00e0 ma soeur\"","og_url":"https:\/\/stanislasberton.com\/index.php\/a-propos\/","og_site_name":"Stanislas BERTON","article_modified_time":"2026-03-23T12:16:28+00:00","og_image":[{"url":"http:\/\/stanislasberton.com\/wp-content\/uploads\/2021\/10\/The_Calling_of_Saint_Matthew-Caravaggio_1599-1600-996x1024.jpg","type":"","width":"","height":""}],"twitter_card":"summary_large_image","twitter_misc":{"Est. reading time":"4 minutes"},"schema":{"@context":"https:\/\/schema.org","@graph":[{"@type":"WebPage","@id":"https:\/\/stanislasberton.com\/index.php\/a-propos\/","url":"https:\/\/stanislasberton.com\/index.php\/a-propos\/","name":"A propos - Stanislas BERTON","isPartOf":{"@id":"https:\/\/stanislasberton.com\/#website"},"primaryImageOfPage":{"@id":"https:\/\/stanislasberton.com\/index.php\/a-propos\/#primaryimage"},"image":{"@id":"https:\/\/stanislasberton.com\/index.php\/a-propos\/#primaryimage"},"thumbnailUrl":"http:\/\/stanislasberton.com\/wp-content\/uploads\/2021\/10\/The_Calling_of_Saint_Matthew-Caravaggio_1599-1600-996x1024.jpg","datePublished":"2019-10-14T13:19:17+00:00","dateModified":"2026-03-23T12:16:28+00:00","description":"Stanislas Berton est un entrepreneur fran\u00e7ais n\u00e9 \u00e0 Nancy en 1984. Il est l'auteur du livre \"Etre Fran\u00e7ais: lettre \u00e0 ma soeur\"","breadcrumb":{"@id":"https:\/\/stanislasberton.com\/index.php\/a-propos\/#breadcrumb"},"inLanguage":"en-US","potentialAction":[{"@type":"ReadAction","target":["https:\/\/stanislasberton.com\/index.php\/a-propos\/"]}]},{"@type":"ImageObject","inLanguage":"en-US","@id":"https:\/\/stanislasberton.com\/index.php\/a-propos\/#primaryimage","url":"http:\/\/stanislasberton.com\/wp-content\/uploads\/2021\/10\/The_Calling_of_Saint_Matthew-Caravaggio_1599-1600.jpg","contentUrl":"http:\/\/stanislasberton.com\/wp-content\/uploads\/2021\/10\/The_Calling_of_Saint_Matthew-Caravaggio_1599-1600.jpg","width":1946,"height":2000},{"@type":"BreadcrumbList","@id":"https:\/\/stanislasberton.com\/index.php\/a-propos\/#breadcrumb","itemListElement":[{"@type":"ListItem","position":1,"name":"Home","item":"https:\/\/stanislasberton.com\/"},{"@type":"ListItem","position":2,"name":"A propos"}]},{"@type":"WebSite","@id":"https:\/\/stanislasberton.com\/#website","url":"https:\/\/stanislasberton.com\/","name":"Stanislas BERTON","description":"Quantum potes, tantum aude","publisher":{"@id":"https:\/\/stanislasberton.com\/#\/schema\/person\/35b8ff927e855a1e6c5cc1921d61e08c"},"potentialAction":[{"@type":"SearchAction","target":{"@type":"EntryPoint","urlTemplate":"https:\/\/stanislasberton.com\/?s={search_term_string}"},"query-input":{"@type":"PropertyValueSpecification","valueRequired":true,"valueName":"search_term_string"}}],"inLanguage":"en-US"},{"@type":["Person","Organization"],"@id":"https:\/\/stanislasberton.com\/#\/schema\/person\/35b8ff927e855a1e6c5cc1921d61e08c","name":"sberton","image":{"@type":"ImageObject","inLanguage":"en-US","@id":"https:\/\/secure.gravatar.com\/avatar\/fb8e1e50c000ff4ca889d1d62ef01059d7ab27264b271cefe3e51ae17f8f69af?s=96&r=g","url":"https:\/\/secure.gravatar.com\/avatar\/fb8e1e50c000ff4ca889d1d62ef01059d7ab27264b271cefe3e51ae17f8f69af?s=96&r=g","contentUrl":"https:\/\/secure.gravatar.com\/avatar\/fb8e1e50c000ff4ca889d1d62ef01059d7ab27264b271cefe3e51ae17f8f69af?s=96&r=g","caption":"sberton"},"logo":{"@id":"https:\/\/secure.gravatar.com\/avatar\/fb8e1e50c000ff4ca889d1d62ef01059d7ab27264b271cefe3e51ae17f8f69af?s=96&r=g"}}]}},"_links":{"self":[{"href":"http:\/\/stanislasberton.com\/index.php\/wp-json\/wp\/v2\/pages\/7","targetHints":{"allow":["GET"]}}],"collection":[{"href":"http:\/\/stanislasberton.com\/index.php\/wp-json\/wp\/v2\/pages"}],"about":[{"href":"http:\/\/stanislasberton.com\/index.php\/wp-json\/wp\/v2\/types\/page"}],"author":[{"embeddable":true,"href":"http:\/\/stanislasberton.com\/index.php\/wp-json\/wp\/v2\/users\/1"}],"replies":[{"embeddable":true,"href":"http:\/\/stanislasberton.com\/index.php\/wp-json\/wp\/v2\/comments?post=7"}],"version-history":[{"count":7,"href":"http:\/\/stanislasberton.com\/index.php\/wp-json\/wp\/v2\/pages\/7\/revisions"}],"predecessor-version":[{"id":5716,"href":"http:\/\/stanislasberton.com\/index.php\/wp-json\/wp\/v2\/pages\/7\/revisions\/5716"}],"wp:attachment":[{"href":"http:\/\/stanislasberton.com\/index.php\/wp-json\/wp\/v2\/media?parent=7"}],"curies":[{"name":"wp","href":"https:\/\/api.w.org\/{rel}","templated":true}]}}